{"id":1437,"date":"2024-10-25T16:46:25","date_gmt":"2024-10-25T14:46:25","guid":{"rendered":"http:\/\/www.naerrisches-kleeblatt.com\/web\/?page_id=1437"},"modified":"2025-04-09T19:36:47","modified_gmt":"2025-04-09T17:36:47","slug":"kinderfaschingsumzug","status":"publish","type":"page","link":"http:\/\/www.naerrisches-kleeblatt.com\/web\/kinderfaschingsumzug\/","title":{"rendered":"Kinderfaschingsumzug"},"content":{"rendered":"<div class=\"fusion-fullwidth fullwidth-box fusion-builder-row-1 nonhundred-percent-fullwidth non-hundred-percent-height-scrolling\" style=\"--awb-border-radius-top-left:0px;--awb-border-radius-top-right:0px;--awb-border-radius-bottom-right:0px;--awb-border-radius-bottom-left:0px;--awb-flex-wrap:wrap;\" ><div class=\"fusion-builder-row fusion-row\"><div class=\"fusion-layout-column fusion_builder_column fusion-builder-column-0 fusion_builder_column_1_1 1_1 fusion-one-full fusion-column-first fusion-column-last\" style=\"--awb-bg-blend:overlay;--awb-bg-size:cover;--awb-margin-bottom:0px;\"><div class=\"fusion-column-wrapper fusion-flex-column-wrapper-legacy\"><div class=\"fusion-text fusion-text-1\"><p>1969 wurde der erste Faschingsumzug vom N\u00e4rrischen Kleeblatt organisiert.<\/p>\n<p>Der Umzugsstart war bei der Gastra und f\u00fchrte \u00fcber die Ringstra\u00dfe wieder zur Gastra zur\u00fcck, wo es f\u00fcr die M\u00e4schgerle als Belohnung einen Sch\u00fcbling mit Brot gab. Heute verteilen wir die allseits beliebten Kinderp\u00e4ckle mit ausgesuchten S\u00fc\u00dfigkeiten &#8211; ca. 2.000 St\u00fcck werden von uns eigenh\u00e4ndig verpackt.<\/p>\n<p>Seit dem Jahr 2003 fand das n\u00e4rrische Treiben nach dem Umzug im Zelt am Gastraplatz statt. Der Umzug startete jahrelang beim Bahnhof und endete beim Gastraplatz.<\/p>\n<p>Mittlerweile hat uns die Gemeinde die Erlaubnis erteilt, dass wir die Bewirtung nach dem Umzug im Vereinshaus durchf\u00fchren d\u00fcrfen, deshalb haben wir uns entschlossen die Umzugsstrecke einfach umzudrehen, n\u00e4mlich vom Gastraplatz zum Bahnhof Rankweil.<\/p>\n<p>Wir sind stolz darauf, eine der gr\u00f6\u00dften Veranstaltungen in Rankweil mit ca. 8.000 Mitwirkenden und Zuschauern veranstalten zu d\u00fcrfen.<\/p>\n<p>Mittlerweile findet der Faschingsumzug nur noch jedes zweite Jahr statt, abwechslungsweise mit dem Rankler Ball.<\/p>\n<\/div><div class=\"fusion-sep-clear\"><\/div><div class=\"fusion-separator fusion-has-icon fusion-full-width-sep\" style=\"margin-left: auto;margin-right: auto;margin-top:5px;margin-bottom:30px;width:100%;\"><div class=\"fusion-separator-border sep-single sep-solid\" style=\"--awb-height:20px;--awb-amount:20px;--awb-sep-color:#8bc34a;border-color:#8bc34a;border-top-width:3px;\"><\/div><span class=\"icon-wrapper\" style=\"border-color:#8bc34a;background-color:rgba(255,255,255,0);font-size:13px;width: 1.75em; height: 1.75em;border-width:3px;padding:3px;margin-top:-1.5px\"><i class=\" fa fa-arrow-down\" style=\"font-size: inherit;color:#8bc34a;\" aria-hidden=\"true\"><\/i><\/span><div class=\"fusion-separator-border sep-single sep-solid\" style=\"--awb-height:20px;--awb-amount:20px;--awb-sep-color:#8bc34a;border-color:#8bc34a;border-top-width:3px;\"><\/div><\/div><div class=\"fusion-sep-clear\"><\/div><div class=\"fusion-builder-row fusion-builder-row-inner fusion-row\"><div class=\"fusion-layout-column fusion_builder_column_inner fusion-builder-nested-column-0 fusion_builder_column_inner_1_1 1_1 fusion-one-full fusion-column-first fusion-column-last\" style=\"--awb-bg-blend:overlay;--awb-bg-size:cover;\"><div class=\"fusion-column-wrapper fusion-flex-column-wrapper-legacy\"><div class=\"fusion-text fusion-text-2\"><p style=\"text-align: center;\"><strong>Rankler Umzug 2025<\/strong><\/p>\n<\/div><div class=\"fusion-text fusion-text-3\"><p><img decoding=\"async\" class=\"alignnone size-medium wp-image-1490\" src=\"http:\/\/www.naerrisches-kleeblatt.com\/web\/wp-content\/uploads\/2025\/04\/1000107294-225x300.jpg\" alt=\"\" width=\"225\" height=\"300\" srcset=\"http:\/\/www.naerrisches-kleeblatt.com\/web\/wp-content\/uploads\/2025\/04\/1000107294-200x267.jpg 200w, http:\/\/www.naerrisches-kleeblatt.com\/web\/wp-content\/uploads\/2025\/04\/1000107294-225x300.jpg 225w, http:\/\/www.naerrisches-kleeblatt.com\/web\/wp-content\/uploads\/2025\/04\/1000107294-400x533.jpg 400w, http:\/\/www.naerrisches-kleeblatt.com\/web\/wp-content\/uploads\/2025\/04\/1000107294-450x600.jpg 450w, http:\/\/www.naerrisches-kleeblatt.com\/web\/wp-content\/uploads\/2025\/04\/1000107294-600x800.jpg 600w, http:\/\/www.naerrisches-kleeblatt.com\/web\/wp-content\/uploads\/2025\/04\/1000107294-768x1024.jpg 768w, http:\/\/www.naerrisches-kleeblatt.com\/web\/wp-content\/uploads\/2025\/04\/1000107294-800x1067.jpg 800w, http:\/\/www.naerrisches-kleeblatt.com\/web\/wp-content\/uploads\/2025\/04\/1000107294-1152x1536.jpg 1152w, http:\/\/www.naerrisches-kleeblatt.com\/web\/wp-content\/uploads\/2025\/04\/1000107294.jpg 1200w\" sizes=\"(max-width: 225px) 100vw, 225px\" \/><img decoding=\"async\" class=\"alignnone size-medium wp-image-1489\" src=\"http:\/\/www.naerrisches-kleeblatt.com\/web\/wp-content\/uploads\/2025\/04\/20240303-rankler-umzug-sm-21-300x225.jpg\" alt=\"\" width=\"300\" height=\"225\" srcset=\"http:\/\/www.naerrisches-kleeblatt.com\/web\/wp-content\/uploads\/2025\/04\/20240303-rankler-umzug-sm-21-200x150.jpg 200w, http:\/\/www.naerrisches-kleeblatt.com\/web\/wp-content\/uploads\/2025\/04\/20240303-rankler-umzug-sm-21-300x225.jpg 300w, http:\/\/www.naerrisches-kleeblatt.com\/web\/wp-content\/uploads\/2025\/04\/20240303-rankler-umzug-sm-21-400x300.jpg 400w, http:\/\/www.naerrisches-kleeblatt.com\/web\/wp-content\/uploads\/2025\/04\/20240303-rankler-umzug-sm-21-600x450.jpg 600w, http:\/\/www.naerrisches-kleeblatt.com\/web\/wp-content\/uploads\/2025\/04\/20240303-rankler-umzug-sm-21-768x576.jpg 768w, http:\/\/www.naerrisches-kleeblatt.com\/web\/wp-content\/uploads\/2025\/04\/20240303-rankler-umzug-sm-21-800x600.jpg 800w, http:\/\/www.naerrisches-kleeblatt.com\/web\/wp-content\/uploads\/2025\/04\/20240303-rankler-umzug-sm-21-1024x768.jpg 1024w, http:\/\/www.naerrisches-kleeblatt.com\/web\/wp-content\/uploads\/2025\/04\/20240303-rankler-umzug-sm-21-1200x900.jpg 1200w, http:\/\/www.naerrisches-kleeblatt.com\/web\/wp-content\/uploads\/2025\/04\/20240303-rankler-umzug-sm-21-1536x1152.jpg 1536w\" sizes=\"(max-width: 300px) 100vw, 300px\" \/><\/p>\n<\/div><div class=\"fusion-clearfix\"><\/div><\/div><\/div><div class=\"fusion-layout-column fusion_builder_column_inner fusion-builder-nested-column-1 fusion_builder_column_inner_1_1 1_1 fusion-one-full fusion-column-first fusion-column-last\" style=\"--awb-bg-blend:overlay;--awb-bg-size:cover;\"><div class=\"fusion-column-wrapper fusion-flex-column-wrapper-legacy\"><div class=\"fusion-text fusion-text-4\"><p style=\"text-align: center;\"><strong>Rankler Umzug<\/strong>\u00a0<strong>2023<\/strong><\/p>\n<\/div><div class=\"fusion-text fusion-text-5\"><p><img decoding=\"async\" class=\"alignnone size-medium wp-image-1464\" src=\"http:\/\/www.naerrisches-kleeblatt.com\/web\/wp-content\/uploads\/2025\/04\/Fasching-Rankweil.2023-135-300x200.jpg\" alt=\"\" width=\"300\" height=\"200\" srcset=\"http:\/\/www.naerrisches-kleeblatt.com\/web\/wp-content\/uploads\/2025\/04\/Fasching-Rankweil.2023-135-200x133.jpg 200w, http:\/\/www.naerrisches-kleeblatt.com\/web\/wp-content\/uploads\/2025\/04\/Fasching-Rankweil.2023-135-300x200.jpg 300w, http:\/\/www.naerrisches-kleeblatt.com\/web\/wp-content\/uploads\/2025\/04\/Fasching-Rankweil.2023-135-400x267.jpg 400w, http:\/\/www.naerrisches-kleeblatt.com\/web\/wp-content\/uploads\/2025\/04\/Fasching-Rankweil.2023-135-600x400.jpg 600w, http:\/\/www.naerrisches-kleeblatt.com\/web\/wp-content\/uploads\/2025\/04\/Fasching-Rankweil.2023-135-768x512.jpg 768w, http:\/\/www.naerrisches-kleeblatt.com\/web\/wp-content\/uploads\/2025\/04\/Fasching-Rankweil.2023-135-800x533.jpg 800w, http:\/\/www.naerrisches-kleeblatt.com\/web\/wp-content\/uploads\/2025\/04\/Fasching-Rankweil.2023-135-1024x683.jpg 1024w, http:\/\/www.naerrisches-kleeblatt.com\/web\/wp-content\/uploads\/2025\/04\/Fasching-Rankweil.2023-135-1200x800.jpg 1200w, http:\/\/www.naerrisches-kleeblatt.com\/web\/wp-content\/uploads\/2025\/04\/Fasching-Rankweil.2023-135-1536x1024.jpg 1536w\" sizes=\"(max-width: 300px) 100vw, 300px\" \/><img decoding=\"async\" class=\"alignnone size-medium wp-image-1459\" src=\"http:\/\/www.naerrisches-kleeblatt.com\/web\/wp-content\/uploads\/2025\/04\/Fasching-Rankweil.2023-27-300x200.jpg\" alt=\"\" width=\"300\" height=\"200\" srcset=\"http:\/\/www.naerrisches-kleeblatt.com\/web\/wp-content\/uploads\/2025\/04\/Fasching-Rankweil.2023-27-200x133.jpg 200w, http:\/\/www.naerrisches-kleeblatt.com\/web\/wp-content\/uploads\/2025\/04\/Fasching-Rankweil.2023-27-300x200.jpg 300w, http:\/\/www.naerrisches-kleeblatt.com\/web\/wp-content\/uploads\/2025\/04\/Fasching-Rankweil.2023-27-400x267.jpg 400w, http:\/\/www.naerrisches-kleeblatt.com\/web\/wp-content\/uploads\/2025\/04\/Fasching-Rankweil.2023-27-600x400.jpg 600w, http:\/\/www.naerrisches-kleeblatt.com\/web\/wp-content\/uploads\/2025\/04\/Fasching-Rankweil.2023-27-768x512.jpg 768w, http:\/\/www.naerrisches-kleeblatt.com\/web\/wp-content\/uploads\/2025\/04\/Fasching-Rankweil.2023-27-800x533.jpg 800w, http:\/\/www.naerrisches-kleeblatt.com\/web\/wp-content\/uploads\/2025\/04\/Fasching-Rankweil.2023-27-1024x683.jpg 1024w, http:\/\/www.naerrisches-kleeblatt.com\/web\/wp-content\/uploads\/2025\/04\/Fasching-Rankweil.2023-27-1200x800.jpg 1200w, http:\/\/www.naerrisches-kleeblatt.com\/web\/wp-content\/uploads\/2025\/04\/Fasching-Rankweil.2023-27-1536x1024.jpg 1536w\" sizes=\"(max-width: 300px) 100vw, 300px\" \/><img decoding=\"async\" class=\"alignnone size-medium wp-image-1460\" src=\"http:\/\/www.naerrisches-kleeblatt.com\/web\/wp-content\/uploads\/2025\/04\/Fasching-Rankweil.2023-63-300x200.jpg\" alt=\"\" width=\"300\" height=\"200\" srcset=\"http:\/\/www.naerrisches-kleeblatt.com\/web\/wp-content\/uploads\/2025\/04\/Fasching-Rankweil.2023-63-200x133.jpg 200w, http:\/\/www.naerrisches-kleeblatt.com\/web\/wp-content\/uploads\/2025\/04\/Fasching-Rankweil.2023-63-300x200.jpg 300w, http:\/\/www.naerrisches-kleeblatt.com\/web\/wp-content\/uploads\/2025\/04\/Fasching-Rankweil.2023-63-400x267.jpg 400w, http:\/\/www.naerrisches-kleeblatt.com\/web\/wp-content\/uploads\/2025\/04\/Fasching-Rankweil.2023-63-600x400.jpg 600w, http:\/\/www.naerrisches-kleeblatt.com\/web\/wp-content\/uploads\/2025\/04\/Fasching-Rankweil.2023-63-768x512.jpg 768w, http:\/\/www.naerrisches-kleeblatt.com\/web\/wp-content\/uploads\/2025\/04\/Fasching-Rankweil.2023-63-800x533.jpg 800w, http:\/\/www.naerrisches-kleeblatt.com\/web\/wp-content\/uploads\/2025\/04\/Fasching-Rankweil.2023-63-1024x683.jpg 1024w, http:\/\/www.naerrisches-kleeblatt.com\/web\/wp-content\/uploads\/2025\/04\/Fasching-Rankweil.2023-63-1200x800.jpg 1200w, http:\/\/www.naerrisches-kleeblatt.com\/web\/wp-content\/uploads\/2025\/04\/Fasching-Rankweil.2023-63-1536x1024.jpg 1536w\" sizes=\"(max-width: 300px) 100vw, 300px\" \/><img decoding=\"async\" class=\"alignnone size-medium wp-image-1461\" src=\"http:\/\/www.naerrisches-kleeblatt.com\/web\/wp-content\/uploads\/2025\/04\/Fasching-Rankweil.2023-112-300x200.jpg\" alt=\"\" width=\"300\" height=\"200\" srcset=\"http:\/\/www.naerrisches-kleeblatt.com\/web\/wp-content\/uploads\/2025\/04\/Fasching-Rankweil.2023-112-200x133.jpg 200w, http:\/\/www.naerrisches-kleeblatt.com\/web\/wp-content\/uploads\/2025\/04\/Fasching-Rankweil.2023-112-300x200.jpg 300w, http:\/\/www.naerrisches-kleeblatt.com\/web\/wp-content\/uploads\/2025\/04\/Fasching-Rankweil.2023-112-400x267.jpg 400w, http:\/\/www.naerrisches-kleeblatt.com\/web\/wp-content\/uploads\/2025\/04\/Fasching-Rankweil.2023-112-600x400.jpg 600w, http:\/\/www.naerrisches-kleeblatt.com\/web\/wp-content\/uploads\/2025\/04\/Fasching-Rankweil.2023-112-768x512.jpg 768w, http:\/\/www.naerrisches-kleeblatt.com\/web\/wp-content\/uploads\/2025\/04\/Fasching-Rankweil.2023-112-800x533.jpg 800w, http:\/\/www.naerrisches-kleeblatt.com\/web\/wp-content\/uploads\/2025\/04\/Fasching-Rankweil.2023-112-1024x683.jpg 1024w, http:\/\/www.naerrisches-kleeblatt.com\/web\/wp-content\/uploads\/2025\/04\/Fasching-Rankweil.2023-112-1200x800.jpg 1200w, http:\/\/www.naerrisches-kleeblatt.com\/web\/wp-content\/uploads\/2025\/04\/Fasching-Rankweil.2023-112-1536x1024.jpg 1536w\" sizes=\"(max-width: 300px) 100vw, 300px\" \/><img decoding=\"async\" class=\"alignnone size-medium wp-image-1462\" src=\"http:\/\/www.naerrisches-kleeblatt.com\/web\/wp-content\/uploads\/2025\/04\/Fasching-Rankweil.2023-133-300x200.jpg\" alt=\"\" width=\"300\" height=\"200\" srcset=\"http:\/\/www.naerrisches-kleeblatt.com\/web\/wp-content\/uploads\/2025\/04\/Fasching-Rankweil.2023-133-200x133.jpg 200w, http:\/\/www.naerrisches-kleeblatt.com\/web\/wp-content\/uploads\/2025\/04\/Fasching-Rankweil.2023-133-300x200.jpg 300w, http:\/\/www.naerrisches-kleeblatt.com\/web\/wp-content\/uploads\/2025\/04\/Fasching-Rankweil.2023-133-400x267.jpg 400w, http:\/\/www.naerrisches-kleeblatt.com\/web\/wp-content\/uploads\/2025\/04\/Fasching-Rankweil.2023-133-600x400.jpg 600w, http:\/\/www.naerrisches-kleeblatt.com\/web\/wp-content\/uploads\/2025\/04\/Fasching-Rankweil.2023-133-768x512.jpg 768w, http:\/\/www.naerrisches-kleeblatt.com\/web\/wp-content\/uploads\/2025\/04\/Fasching-Rankweil.2023-133-800x533.jpg 800w, http:\/\/www.naerrisches-kleeblatt.com\/web\/wp-content\/uploads\/2025\/04\/Fasching-Rankweil.2023-133-1024x683.jpg 1024w, http:\/\/www.naerrisches-kleeblatt.com\/web\/wp-content\/uploads\/2025\/04\/Fasching-Rankweil.2023-133-1200x800.jpg 1200w, http:\/\/www.naerrisches-kleeblatt.com\/web\/wp-content\/uploads\/2025\/04\/Fasching-Rankweil.2023-133-1536x1024.jpg 1536w\" sizes=\"(max-width: 300px) 100vw, 300px\" \/><img decoding=\"async\" class=\"alignnone size-medium wp-image-1457\" src=\"http:\/\/www.naerrisches-kleeblatt.com\/web\/wp-content\/uploads\/2025\/04\/Fasching-Rankweil.2023-4-300x200.jpg\" alt=\"\" width=\"300\" height=\"200\" srcset=\"http:\/\/www.naerrisches-kleeblatt.com\/web\/wp-content\/uploads\/2025\/04\/Fasching-Rankweil.2023-4-200x133.jpg 200w, http:\/\/www.naerrisches-kleeblatt.com\/web\/wp-content\/uploads\/2025\/04\/Fasching-Rankweil.2023-4-300x200.jpg 300w, http:\/\/www.naerrisches-kleeblatt.com\/web\/wp-content\/uploads\/2025\/04\/Fasching-Rankweil.2023-4-400x267.jpg 400w, http:\/\/www.naerrisches-kleeblatt.com\/web\/wp-content\/uploads\/2025\/04\/Fasching-Rankweil.2023-4-600x400.jpg 600w, http:\/\/www.naerrisches-kleeblatt.com\/web\/wp-content\/uploads\/2025\/04\/Fasching-Rankweil.2023-4-768x512.jpg 768w, http:\/\/www.naerrisches-kleeblatt.com\/web\/wp-content\/uploads\/2025\/04\/Fasching-Rankweil.2023-4-800x533.jpg 800w, http:\/\/www.naerrisches-kleeblatt.com\/web\/wp-content\/uploads\/2025\/04\/Fasching-Rankweil.2023-4-1024x683.jpg 1024w, http:\/\/www.naerrisches-kleeblatt.com\/web\/wp-content\/uploads\/2025\/04\/Fasching-Rankweil.2023-4-1200x800.jpg 1200w, http:\/\/www.naerrisches-kleeblatt.com\/web\/wp-content\/uploads\/2025\/04\/Fasching-Rankweil.2023-4-1536x1024.jpg 1536w\" sizes=\"(max-width: 300px) 100vw, 300px\" \/><\/p>\n<\/div><div class=\"fusion-clearfix\"><\/div><\/div><\/div><\/div><div class=\"fusion-clearfix\"><\/div><\/div><\/div><\/div><\/div>\n","protected":false},"excerpt":{"rendered":"","protected":false},"author":6,"featured_media":0,"parent":0,"menu_order":0,"comment_status":"closed","ping_status":"closed","template":"","meta":{"two_page_speed":[],"footnotes":""},"class_list":["post-1437","page","type-page","status-publish","hentry"],"_links":{"self":[{"href":"http:\/\/www.naerrisches-kleeblatt.com\/web\/wp-json\/wp\/v2\/pages\/1437","targetHints":{"allow":["GET"]}}],"collection":[{"href":"http:\/\/www.naerrisches-kleeblatt.com\/web\/wp-json\/wp\/v2\/pages"}],"about":[{"href":"http:\/\/www.naerrisches-kleeblatt.com\/web\/wp-json\/wp\/v2\/types\/page"}],"author":[{"embeddable":true,"href":"http:\/\/www.naerrisches-kleeblatt.com\/web\/wp-json\/wp\/v2\/users\/6"}],"replies":[{"embeddable":true,"href":"http:\/\/www.naerrisches-kleeblatt.com\/web\/wp-json\/wp\/v2\/comments?post=1437"}],"version-history":[{"count":7,"href":"http:\/\/www.naerrisches-kleeblatt.com\/web\/wp-json\/wp\/v2\/pages\/1437\/revisions"}],"predecessor-version":[{"id":1491,"href":"http:\/\/www.naerrisches-kleeblatt.com\/web\/wp-json\/wp\/v2\/pages\/1437\/revisions\/1491"}],"wp:attachment":[{"href":"http:\/\/www.naerrisches-kleeblatt.com\/web\/wp-json\/wp\/v2\/media?parent=1437"}],"curies":[{"name":"wp","href":"https:\/\/api.w.org\/{rel}","templated":true}]}}